{"id":1121,"date":"2019-09-30T11:00:36","date_gmt":"2019-09-30T09:00:36","guid":{"rendered":"https:\/\/www.eventpark.cz\/asn-plus\/"},"modified":"2024-07-01T17:34:12","modified_gmt":"2024-07-01T15:34:12","slug":"asn-plus","status":"publish","type":"page","link":"https:\/\/www.eventpark.cz\/de\/","title":{"rendered":"Domov"},"content":{"rendered":"","protected":false},"excerpt":{"rendered":"","protected":false},"author":1,"featured_media":0,"parent":0,"menu_order":0,"comment_status":"closed","ping_status":"closed","template":"home.php","meta":{"inline_featured_image":false},"acf":[],"yoast_head":"<!-- This site is optimized with the Yoast SEO plugin v20.1 - https:\/\/yoast.com\/wordpress\/plugins\/seo\/ -->\n<title>Eventpark<\/title>\n<meta name=\"description\" content=\"V\u00fdstavi\u0161t\u011b \u010cesk\u00e9 Bud\u011bjovice. Dokonal\u00e9 eventy pod st\u0159echou i nebem. Zvy\u0161te presti\u017e akce, ukotv\u011bte pov\u011bdom\u00ed o zna\u010dce, p\u0159il\u00e1kejte nov\u00e9 \u00fa\u010dastn\u00edky.\" \/>\n<meta name=\"robots\" content=\"index, follow, max-snippet:-1, max-image-preview:large, max-video-preview:-1\" \/>\n<link rel=\"canonical\" href=\"https:\/\/www.eventpark.cz\/de\/\" \/>\n<meta property=\"og:locale\" content=\"de_DE\" \/>\n<meta property=\"og:type\" content=\"article\" \/>\n<meta property=\"og:title\" content=\"Eventpark\" \/>\n<meta property=\"og:description\" content=\"V\u00fdstavi\u0161t\u011b \u010cesk\u00e9 Bud\u011bjovice. Dokonal\u00e9 eventy pod st\u0159echou i nebem. Zvy\u0161te presti\u017e akce, ukotv\u011bte pov\u011bdom\u00ed o zna\u010dce, p\u0159il\u00e1kejte nov\u00e9 \u00fa\u010dastn\u00edky.\" \/>\n<meta property=\"og:url\" content=\"https:\/\/www.eventpark.cz\/de\/\" \/>\n<meta property=\"og:site_name\" content=\"Event park\" \/>\n<meta property=\"article:modified_time\" content=\"2024-07-01T15:34:12+00:00\" \/>\n<meta name=\"twitter:card\" content=\"summary_large_image\" \/>\n<script type=\"application\/ld+json\" class=\"yoast-schema-graph\">{\"@context\":\"https:\/\/schema.org\",\"@graph\":[{\"@type\":\"WebPage\",\"@id\":\"https:\/\/www.eventpark.cz\/de\/\",\"url\":\"https:\/\/www.eventpark.cz\/de\/\",\"name\":\"Eventpark\",\"isPartOf\":{\"@id\":\"https:\/\/www.eventpark.cz\/#website\"},\"datePublished\":\"2019-09-30T09:00:36+00:00\",\"dateModified\":\"2024-07-01T15:34:12+00:00\",\"description\":\"V\u00fdstavi\u0161t\u011b \u010cesk\u00e9 Bud\u011bjovice. Dokonal\u00e9 eventy pod st\u0159echou i nebem. Zvy\u0161te presti\u017e akce, ukotv\u011bte pov\u011bdom\u00ed o zna\u010dce, p\u0159il\u00e1kejte nov\u00e9 \u00fa\u010dastn\u00edky.\",\"breadcrumb\":{\"@id\":\"https:\/\/www.eventpark.cz\/de\/#breadcrumb\"},\"inLanguage\":\"de\",\"potentialAction\":[{\"@type\":\"ReadAction\",\"target\":[\"https:\/\/www.eventpark.cz\/de\/\"]}]},{\"@type\":\"BreadcrumbList\",\"@id\":\"https:\/\/www.eventpark.cz\/de\/#breadcrumb\",\"itemListElement\":[{\"@type\":\"ListItem\",\"position\":1,\"name\":\"Dom\u016f\",\"item\":\"https:\/\/www.eventpark.cz\/de\/\"},{\"@type\":\"ListItem\",\"position\":2,\"name\":\"Domov\"}]},{\"@type\":\"WebSite\",\"@id\":\"https:\/\/www.eventpark.cz\/#website\",\"url\":\"https:\/\/www.eventpark.cz\/\",\"name\":\"Event park\",\"description\":\"DOKONAL\u00c9 EVENTY POD ST\u0158ECHOU I NEBEM\",\"potentialAction\":[{\"@type\":\"SearchAction\",\"target\":{\"@type\":\"EntryPoint\",\"urlTemplate\":\"https:\/\/www.eventpark.cz\/?s={search_term_string}\"},\"query-input\":\"required name=search_term_string\"}],\"inLanguage\":\"de\"}]}<\/script>\n<!-- \/ Yoast SEO plugin. -->","yoast_head_json":{"title":"Eventpark","description":"V\u00fdstavi\u0161t\u011b \u010cesk\u00e9 Bud\u011bjovice. Dokonal\u00e9 eventy pod st\u0159echou i nebem. Zvy\u0161te presti\u017e akce, ukotv\u011bte pov\u011bdom\u00ed o zna\u010dce, p\u0159il\u00e1kejte nov\u00e9 \u00fa\u010dastn\u00edky.","robots":{"index":"index","follow":"follow","max-snippet":"max-snippet:-1","max-image-preview":"max-image-preview:large","max-video-preview":"max-video-preview:-1"},"canonical":"https:\/\/www.eventpark.cz\/de\/","og_locale":"de_DE","og_type":"article","og_title":"Eventpark","og_description":"V\u00fdstavi\u0161t\u011b \u010cesk\u00e9 Bud\u011bjovice. Dokonal\u00e9 eventy pod st\u0159echou i nebem. Zvy\u0161te presti\u017e akce, ukotv\u011bte pov\u011bdom\u00ed o zna\u010dce, p\u0159il\u00e1kejte nov\u00e9 \u00fa\u010dastn\u00edky.","og_url":"https:\/\/www.eventpark.cz\/de\/","og_site_name":"Event park","article_modified_time":"2024-07-01T15:34:12+00:00","twitter_card":"summary_large_image","schema":{"@context":"https:\/\/schema.org","@graph":[{"@type":"WebPage","@id":"https:\/\/www.eventpark.cz\/de\/","url":"https:\/\/www.eventpark.cz\/de\/","name":"Eventpark","isPartOf":{"@id":"https:\/\/www.eventpark.cz\/#website"},"datePublished":"2019-09-30T09:00:36+00:00","dateModified":"2024-07-01T15:34:12+00:00","description":"V\u00fdstavi\u0161t\u011b \u010cesk\u00e9 Bud\u011bjovice. Dokonal\u00e9 eventy pod st\u0159echou i nebem. Zvy\u0161te presti\u017e akce, ukotv\u011bte pov\u011bdom\u00ed o zna\u010dce, p\u0159il\u00e1kejte nov\u00e9 \u00fa\u010dastn\u00edky.","breadcrumb":{"@id":"https:\/\/www.eventpark.cz\/de\/#breadcrumb"},"inLanguage":"de","potentialAction":[{"@type":"ReadAction","target":["https:\/\/www.eventpark.cz\/de\/"]}]},{"@type":"BreadcrumbList","@id":"https:\/\/www.eventpark.cz\/de\/#breadcrumb","itemListElement":[{"@type":"ListItem","position":1,"name":"Dom\u016f","item":"https:\/\/www.eventpark.cz\/de\/"},{"@type":"ListItem","position":2,"name":"Domov"}]},{"@type":"WebSite","@id":"https:\/\/www.eventpark.cz\/#website","url":"https:\/\/www.eventpark.cz\/","name":"Event park","description":"DOKONAL\u00c9 EVENTY POD ST\u0158ECHOU I NEBEM","potentialAction":[{"@type":"SearchAction","target":{"@type":"EntryPoint","urlTemplate":"https:\/\/www.eventpark.cz\/?s={search_term_string}"},"query-input":"required name=search_term_string"}],"inLanguage":"de"}]}},"_links":{"self":[{"href":"https:\/\/www.eventpark.cz\/de\/wp-json\/wp\/v2\/pages\/1121"}],"collection":[{"href":"https:\/\/www.eventpark.cz\/de\/wp-json\/wp\/v2\/pages"}],"about":[{"href":"https:\/\/www.eventpark.cz\/de\/wp-json\/wp\/v2\/types\/page"}],"author":[{"embeddable":true,"href":"https:\/\/www.eventpark.cz\/de\/wp-json\/wp\/v2\/users\/1"}],"replies":[{"embeddable":true,"href":"https:\/\/www.eventpark.cz\/de\/wp-json\/wp\/v2\/comments?post=1121"}],"version-history":[{"count":2,"href":"https:\/\/www.eventpark.cz\/de\/wp-json\/wp\/v2\/pages\/1121\/revisions"}],"predecessor-version":[{"id":1249,"href":"https:\/\/www.eventpark.cz\/de\/wp-json\/wp\/v2\/pages\/1121\/revisions\/1249"}],"wp:attachment":[{"href":"https:\/\/www.eventpark.cz\/de\/wp-json\/wp\/v2\/media?parent=1121"}],"curies":[{"name":"wp","href":"https:\/\/api.w.org\/{rel}","templated":true}]}}